{"id":3553,"date":"2025-02-18T21:40:44","date_gmt":"2025-02-18T18:40:44","guid":{"rendered":"https:\/\/www.filtresistemleri.com\/urun\/faltenfilterbeutel\/"},"modified":"2025-09-26T17:16:45","modified_gmt":"2025-09-26T14:16:45","slug":"faltenfilterbeutel","status":"publish","type":"product","link":"https:\/\/www.filtresistemleri.com\/de\/faltenfilterbeutel\/","title":{"rendered":"Faltenfilterbeutel<br>"},"content":{"rendered":"","protected":false},"excerpt":{"rendered":"<p><strong>Faltenfilterbeutel: Hohe Effizienz und Lange Lebensdauer<br \/><\/strong><\/p>\n<p>Faltenfilterbeutel halten Staub und Partikel in industriellen Filtersystemen effektiv zur\u00fcck und sorgen f\u00fcr eine saubere Luftqualit\u00e4t. Durch ihre gro\u00dfe Oberfl\u00e4che und die gefaltete Struktur bieten sie hohe Effizienz und erm\u00f6glichen Energieeinsparungen durch geringen Druckverlust. Diese Filter, die in Branchen wie Zement, Chemie, Lebensmittel und Metallbearbeitung verwendet werden, bieten langlebige und wirtschaftliche L\u00f6sungen. Mit hochwertigen Materialien hergestellte Faltenfilterbeutel decken zuverl\u00e4ssig die Filtrationsbed\u00fcrfnisse von Unternehmen ab.   <\/p>\n","protected":false},"featured_media":3231,"comment_status":"open","ping_status":"closed","template":"","meta":[],"product_brand":[],"product_cat":[114],"product_tag":[],"class_list":{"0":"post-3553","1":"product","2":"type-product","3":"status-publish","4":"has-post-thumbnail","6":"product_cat-filter-patronen-de","8":"first","9":"instock","10":"shipping-taxable","11":"product-type-simple"},"_links":{"self":[{"href":"https:\/\/www.filtresistemleri.com\/de\/wp-json\/wp\/v2\/product\/3553","targetHints":{"allow":["GET"]}}],"collection":[{"href":"https:\/\/www.filtresistemleri.com\/de\/wp-json\/wp\/v2\/product"}],"about":[{"href":"https:\/\/www.filtresistemleri.com\/de\/wp-json\/wp\/v2\/types\/product"}],"replies":[{"embeddable":true,"href":"https:\/\/www.filtresistemleri.com\/de\/wp-json\/wp\/v2\/comments?post=3553"}],"wp:featuredmedia":[{"embeddable":true,"href":"https:\/\/www.filtresistemleri.com\/de\/wp-json\/wp\/v2\/media\/3231"}],"wp:attachment":[{"href":"https:\/\/www.filtresistemleri.com\/de\/wp-json\/wp\/v2\/media?parent=3553"}],"wp:term":[{"taxonomy":"product_brand","embeddable":true,"href":"https:\/\/www.filtresistemleri.com\/de\/wp-json\/wp\/v2\/product_brand?post=3553"},{"taxonomy":"product_cat","embeddable":true,"href":"https:\/\/www.filtresistemleri.com\/de\/wp-json\/wp\/v2\/product_cat?post=3553"},{"taxonomy":"product_tag","embeddable":true,"href":"https:\/\/www.filtresistemleri.com\/de\/wp-json\/wp\/v2\/product_tag?post=3553"}],"curies":[{"name":"wp","href":"https:\/\/api.w.org\/{rel}","templated":true}]}}