{"id":2545,"date":"2024-05-24T16:40:44","date_gmt":"2024-05-24T13:40:44","guid":{"rendered":"http:\/\/filtresistemleri.com\/urun\/filtre-kafesleri\/"},"modified":"2025-10-04T00:26:49","modified_gmt":"2025-10-03T21:26:49","slug":"filtre-kafesleri","status":"publish","type":"product","link":"https:\/\/www.filtresistemleri.com\/de\/filtre-kafesleri\/","title":{"rendered":"Filterk\u00e4fige"},"content":{"rendered":"<div class=\"flex-shrink-0 flex flex-col relative items-end\">\n<div>\n<div class=\"pt-0.5 juice:pt-0\">\n<div class=\"gizmo-bot-avatar flex h-6 w-6 items-center justify-center overflow-hidden rounded-full juice:h-8 juice:w-8\"><\/div>\n<\/div>\n<\/div>\n<\/div>\n<div class=\"group\/conversation-turn relative flex w-full min-w-0 flex-col agent-turn\">\n<div class=\"font-semibold select-none\"><\/div>\n<div class=\"flex-col gap-1 md:gap-3\">\n<div class=\"flex flex-grow flex-col max-w-full\">\n<div class=\"min-h-[20px] text-message flex flex-col items-start whitespace-pre-wrap break-words [.text-message+&amp;]:mt-5 juice:w-full juice:items-end overflow-x-auto gap-3\" dir=\"auto\" data-message-author-role=\"assistant\" data-message-id=\"f121eed9-a2ab-428b-958a-a528766802e0\">\n<div class=\"markdown prose w-full break-words dark:prose-invert light\">\n<p>Der Filterk\u00e4fig ist eine wichtige Komponente in industriellen Staubsammelsystemen. Diese K\u00e4fige sind die Strukturelemente, die die Filterbeutel st\u00fctzen und formen. Funktionell werden Filterk\u00e4fige verwendet f\u00fcr:<\/p>\n<ol>\n<li><strong> Filterbeutelhalterung:<\/strong> Der Filterk\u00e4fig wird in die Filterbeutel eingesetzt und beh\u00e4lt die Form der Beutel bei. Auf diese Weise k\u00f6nnen die Filterbeutel ordnungsgem\u00e4\u00df funktionieren und Staubpartikel effektiv auffangen.<\/li>\n<li><strong> Partikelsammlung und -filterung<\/strong>: In Staubsammelsystemen sorgt es daf\u00fcr, dass sich Partikel in der Luft oder im Gas in Filterbeuteln ansammeln. Der Filterk\u00e4fig hilft dabei, Partikel auf der Innenfl\u00e4che der Filterbeutel zu sammeln.<\/li>\n<li><strong> Haltbarkeit und Langlebigkeit<\/strong>: Filterk\u00e4fige bestehen im Allgemeinen aus langlebigen Materialien (z. B. verzinktem Stahl oder Edelstahl). Dank dieser Eigenschaften k\u00f6nnen sie \u00fcber lange Zeitr\u00e4ume und unter harten Einsatzbedingungen eingesetzt werden.<\/li>\n<li><strong>Einfache Montage und Austausch<\/strong>: In industriellen Staubsammelsystemen erm\u00f6glichen Filterk\u00e4fige im Allgemeinen eine einfache Montage und einen einfachen Austausch. Dies vereinfacht Wartungsprozesse und sorgt f\u00fcr einen unterbrechungsfreien Systembetrieb.<\/li>\n<\/ol>\n<p>Filterk\u00e4fige werden h\u00e4ufig zusammen mit Filterbeuteln verkauft oder als Teil von Staubsammelsystemen integriert. Erh\u00e4ltlich in verschiedenen Gr\u00f6\u00dfen und Formen entsprechend den unterschiedlichen industriellen Anwendungen. Jedes Filterk\u00e4figdesign wird so ausgew\u00e4hlt und verwendet, dass es den Anforderungen einer bestimmten Anwendung oder eines bestimmten Staubsammelsystems entspricht.<\/p>\n<\/div>\n<div class=\"flex-shrink-0 flex flex-col relative items-end\">\n<div>\n<div class=\"pt-0.5 juice:pt-0\">\n<div class=\"gizmo-bot-avatar flex h-6 w-6 items-center justify-center overflow-hidden rounded-full juice:h-8 juice:w-8\">\n<div class=\"relative p-1 rounded-sm flex items-center justify-center bg-token-main-surface-primary text-token-text-primary h-6 w-6\"><\/div>\n<\/div>\n<\/div>\n<\/div>\n<\/div>\n<div class=\"group\/conversation-turn relative flex w-full min-w-0 flex-col agent-turn\">\n<div class=\"font-semibold select-none\">Die Herstellung von Beutelfilterk\u00e4figen ist ein wichtiger Prozess, der in industriellen Staubsammelsystemen eingesetzt wird. Diese K\u00e4fige sind die Strukturkomponenten, die die Filterbeutel st\u00fctzen und formen, und sie werden normalerweise aus langlebigen Materialien wie verzinktem Stahl oder Edelstahl hergestellt. Hier sind die Schritte des Beutelfilterk\u00e4fig-Herstellungsprozesses im Allgemeinen:<\/div>\n<div class=\"flex-col gap-1 md:gap-3\">\n<div class=\"flex flex-grow flex-col max-w-full\">\n<div class=\"min-h-[20px] text-message flex flex-col items-start whitespace-pre-wrap break-words [.text-message+&amp;]:mt-5 juice:w-full juice:items-end overflow-x-auto gap-3\" dir=\"auto\" data-message-author-role=\"assistant\" data-message-id=\"963a111e-d230-4433-b5eb-fc5f89b25ec1\">\n<div class=\"markdown prose w-full break-words dark:prose-invert light\">\n<ol>\n<li><strong> Materialauswahl<\/strong>: Der Herstellungsprozess beginnt entsprechend dem zu verwendenden Material. Beutelfilterk\u00e4fige bestehen im Allgemeinen aus verzinktem Stahl oder Edelstahl. Die Materialauswahl hat einen erheblichen Einfluss auf die Festigkeit, chemische Best\u00e4ndigkeit und Langlebigkeit des K\u00e4figs.<\/li>\n<li><strong> Schneiden und Formen<\/strong>: Ausgew\u00e4hlte Materialien werden Schneid- und Formprozessen unterzogen. Diese Vorg\u00e4nge werden in der Regel mit automatischen oder halbautomatischen Schneidemaschinen durchgef\u00fchrt. Sie werden entsprechend dem urspr\u00fcnglichen Design der K\u00e4fige geschnitten und geformt.<\/li>\n<li><strong> Schwei\u00dfen<\/strong>: Die Teile werden entsprechend der K\u00e4figkonstruktion zusammengef\u00fcgt und dem Schwei\u00dfprozess unterzogen. Der Schwei\u00dfprozess gew\u00e4hrleistet die strukturelle Festigkeit und Haltbarkeit des K\u00e4figs.<\/li>\n<li><strong> Zusammenbau und Fertigstellung<\/strong>: Nach dem Schwei\u00dfen werden weitere Komponenten (z. B. St\u00fctzbeine oder Beschl\u00e4ge) hinzugef\u00fcgt, um den K\u00e4fig zu vervollst\u00e4ndigen. Die Montage erfolgt in der Regel mit Spezialger\u00e4ten oder Handwerkzeugen.<\/li>\n<li><strong>Qualit\u00e4tskontrolle<\/strong>: In der letzten Phase des Herstellungsprozesses durchlaufen die hergestellten Beutelfilterk\u00e4fige den Qualit\u00e4tskontrollprozess. Dabei werden die Abmessungen der K\u00e4fige, die Schwei\u00dfqualit\u00e4t und die allgemeine Verarbeitung \u00fcberpr\u00fcft. Dar\u00fcber hinaus werden auch Materialqualit\u00e4t und Haltbarkeit \u00fcberpr\u00fcft.<\/li>\n<li><strong> Verpackung und Versand<\/strong>: Beutelfilterk\u00e4fige, die die Qualit\u00e4tskontrolle bestehen, werden je nach Kundenwunsch entsprechend verpackt und f\u00fcr den Versand vorbereitet.<\/li>\n<\/ol>\n<p>Die Herstellung von Beutelfilterk\u00e4figen ist eine der kritischen Komponenten industrieller Staubsammelsysteme und erfordert oft spezielle Ausr\u00fcstung und erfahrenes Personal. Der Herstellungsprozess muss nach hohen Qualit\u00e4tsstandards durchgef\u00fchrt und sorgf\u00e4ltig gestaltet werden, um eine lange Lebensdauer und effektive Funktion der Filterbeutel zu gew\u00e4hrleisten.<\/p>\n<p>Taschenk\u00e4fig<\/p>\n<\/div>\n<\/div>\n<\/div>\n<\/div>\n<\/div>\n<\/div>\n<\/div>\n<\/div>\n<\/div>\n","protected":false},"excerpt":{"rendered":"<div class=\"team-details__top-text-2\">\n<p>Bei der Herstellung von Filterk\u00e4figen werden zun\u00e4chst die gewalzten Eisenst\u00e4be flach gemacht. Diese geraden St\u00e4be werden dann entsprechend der von unseren Kunden gew\u00fcnschten K\u00e4figl\u00e4nge zugeschnitten. Die geschnittenen St\u00e4be werden in eine automatische Tuschiermaschine gelegt und in bestimmten Abst\u00e4nden mit Eisenringen verschwei\u00dft. Nachdem der Filterk\u00e4fig die gew\u00fcnschte Form entsprechend dem gew\u00fcnschten Durchmesser und der gew\u00fcnschten L\u00e4nge angenommen hat, wird die Abdeckung am unteren Teil und das Venturi am oberen Teil montiert. Der fertige Filterk\u00e4fig wird zur Lieferung geschickt, nachdem er mit verzinkter Beschichtung oder elektrostatischen Farben lackiert wurde.<\/p>\n<p>Wir fertigen alle Filterdrahtk\u00f6rbe in allen Gr\u00f6\u00dfen und Durchmessern, einteilig oder mehrteilig. Dar\u00fcber hinaus fertigen wir auch K\u00e4fige nach Venturi-Typ, wie z. B. Aluminium-Venturi, konische Blech-Venturi, Rohr-Venturi.<\/p>\n<p>Wir haben auch Sonderanfertigungen f\u00fcr Flach-, Horizontal-, Asphaltanlagen und mit Sternringen. F\u00fcr diese Sonderanfertigungen k\u00f6nnen Sie uns kontaktieren und das beste Preisangebot zu Marktbedingungen erhalten.<\/p>\n<p>Beutelhalter-Filterk\u00e4fig \u2013 Flachfilterk\u00e4fig \u2013 Beutelk\u00e4fig<\/p>\n<p>Dank rostfreiem Draht fertigen wir auch Filterbeutel f\u00fcr Filterdrahtk\u00e4fige, die Sie lange nutzen werden. Polyester, antistatisch, Baumwolle, Nomex Meta-Aramid, PTFE, Polypropylen, Monofilament, Glasfaser, P-84 usw. Als Filter Systems, einem Unternehmen, dem Sie bei der Filterproduktion mit unserem breiten Materialsortiment vertrauen k\u00f6nnen, unterliegen unsere Produkte einer Garantie.<\/p>\n<p>Gerne unterst\u00fctzen wir Sie bei allen Anliegen und Problemen rund um Jet-Pulse-Filtersysteme.<\/p>\n<\/div>\n","protected":false},"featured_media":2628,"comment_status":"open","ping_status":"closed","template":"","meta":[],"product_brand":[],"product_cat":[104,126],"product_tag":[],"class_list":{"0":"post-2545","1":"product","2":"type-product","3":"status-publish","4":"has-post-thumbnail","6":"product_cat-filter-ersatzteile-de","7":"product_cat-filter-kaefige-de","9":"first","10":"instock","11":"shipping-taxable","12":"product-type-simple"},"_links":{"self":[{"href":"https:\/\/www.filtresistemleri.com\/de\/wp-json\/wp\/v2\/product\/2545","targetHints":{"allow":["GET"]}}],"collection":[{"href":"https:\/\/www.filtresistemleri.com\/de\/wp-json\/wp\/v2\/product"}],"about":[{"href":"https:\/\/www.filtresistemleri.com\/de\/wp-json\/wp\/v2\/types\/product"}],"replies":[{"embeddable":true,"href":"https:\/\/www.filtresistemleri.com\/de\/wp-json\/wp\/v2\/comments?post=2545"}],"wp:featuredmedia":[{"embeddable":true,"href":"https:\/\/www.filtresistemleri.com\/de\/wp-json\/wp\/v2\/media\/2628"}],"wp:attachment":[{"href":"https:\/\/www.filtresistemleri.com\/de\/wp-json\/wp\/v2\/media?parent=2545"}],"wp:term":[{"taxonomy":"product_brand","embeddable":true,"href":"https:\/\/www.filtresistemleri.com\/de\/wp-json\/wp\/v2\/product_brand?post=2545"},{"taxonomy":"product_cat","embeddable":true,"href":"https:\/\/www.filtresistemleri.com\/de\/wp-json\/wp\/v2\/product_cat?post=2545"},{"taxonomy":"product_tag","embeddable":true,"href":"https:\/\/www.filtresistemleri.com\/de\/wp-json\/wp\/v2\/product_tag?post=2545"}],"curies":[{"name":"wp","href":"https:\/\/api.w.org\/{rel}","templated":true}]}}