{"id":2530,"date":"2024-05-24T17:23:17","date_gmt":"2024-05-24T14:23:17","guid":{"rendered":"http:\/\/filtresistemleri.com\/urun\/ptfe-filtre-torbasi\/"},"modified":"2026-03-19T16:04:01","modified_gmt":"2026-03-19T13:04:01","slug":"ptfe-filtre-torbasi","status":"publish","type":"product","link":"https:\/\/www.filtresistemleri.com\/de\/ptfe-filtre-torbasi\/","title":{"rendered":"PTFE-Filterbeutel"},"content":{"rendered":"<table class=\"Table\" cellspacing=\"0\">\n<tbody>\n<tr>\n<td><\/td>\n<td>INHALT: 100% PTFE\n <\/td>\n<p>\n<\/tr>\n<tr>\n<td><\/td>\n<td>INNENGEWEBE: MULTIFILAMENT PTFE<\/td>\n<\/tr>\n<tr>\n<td><\/td>\n<td>GEWICHT: 750 g\/m\u00b2 \u00b1 5%<br \/>\n  <\/td>\n<\/tr>\n<tr>\n<td><\/td>\n<td>LUFTDURCHL\u00c4SSIGKEIT: 11.000 \u2013 14.000 l\/dm\u00b2\/Stunde (Dp: 200 Pa)<\/td>\n<\/tr>\n<tr>\n<td><\/td>\n<td>DICKE: 2,0 mm<\/td>\n<\/tr>\n<tr>\n<td><\/td>\n<td>REI\u00dfFESTIGKEIT<br \/>\nL\u00e4ngs: 150 kgf\/5 cm &#8211; Quer: 190 kgf\/5 cm<\/td>\n<\/tr>\n<tr>\n<td><\/td>\n<td>OBERFL\u00c4CHENBEHANDLUNG:<br \/>\nKalendern und Gasbehandlung, wasser- und \u00f6labweisende hydrophobe Impr\u00e4gnierung<\/td>\n<\/tr>\n<tr>\n<td><\/td>\n<td>Zugfestigkeit<br \/>\nL\u00e4ngsrichtung: 130 kgf\/5 cm<br \/>Querrichtung: 170 kgf\/5 cm<\/td>\n<\/tr>\n<tr>\n<td><\/td>\n<td>SAUERSTOFFBEST\u00c4NDIGKEIT<br \/>\nEXZELLENT<\/td>\n<\/tr>\n<tr>\n<td><\/td>\n<td>Alkalibest\u00e4ndigkeit: Ausgezeichnet<\/td>\n<\/tr>\n<tr>\n<td><\/td>\n<td>Hydrolysebest\u00e4ndigkeit: Hervorragend<\/td>\n<\/tr>\n<tr>\n<td><\/td>\n<td>L\u00d6SUNGSMITTELBEST\u00c4NDIGKEITEXZELLENT<\/td>\n<\/tr>\n<tr>\n<td><\/td>\n<td>OXIDATIONSBEST\u00c4NDIGKEIT:<br \/>\nHervorragend<\/td>\n<\/tr>\n<\/tbody>\n<\/table>\n","protected":false},"excerpt":{"rendered":"<p>Die normale Dauerbetriebstemperatur f\u00fcr PTFE (Fluorkohlenstofffaser\/Polytetrafluorethylen) betr\u00e4gt 260 \u00b0C und die momentane H\u00f6chsttemperatur betr\u00e4gt 280 \u00b0C. Es wird im Allgemeinen unter rauen chemischen Bedingungen und hohen Temperaturen eingesetzt. Allgemeines Einsatzgebiet sind Kohlekraftwerke, Zementfabriken, M\u00fcllverbrennungsanlagen und Gie\u00dfereien. Es verf\u00fcgt \u00fcber eine hervorragende chemische Best\u00e4ndigkeit und eine hervorragende Abriebfestigkeit. Aufgrund der hohen Kosten wird PTFE in der Regel dann eingesetzt, wenn andere Optionen ung\u00fcnstig sind. Da PTFE-Beutel nicht abriebfest sind, wird empfohlen, in Filterk\u00e4figen mindestens 20 vertikale Dr\u00e4hte zu verwenden. PTFE kann als Endprodukt sowohl in gewebter als auch in Filzform angeboten werden.<\/p>\n<ul>\n<li>PTFE-Filter<\/li>\n<li>PTFE-Filterbeutel<\/li>\n<li>PTFE-Teflon-Filter<\/li>\n<\/ul>\n","protected":false},"featured_media":1427,"comment_status":"open","ping_status":"closed","template":"","meta":[],"product_brand":[],"product_cat":[104,122],"product_tag":[],"class_list":{"0":"post-2530","1":"product","2":"type-product","3":"status-publish","4":"has-post-thumbnail","6":"product_cat-filter-ersatzteile-de","7":"product_cat-filter-beutel-de","9":"first","10":"instock","11":"shipping-taxable","12":"product-type-simple"},"_links":{"self":[{"href":"https:\/\/www.filtresistemleri.com\/de\/wp-json\/wp\/v2\/product\/2530","targetHints":{"allow":["GET"]}}],"collection":[{"href":"https:\/\/www.filtresistemleri.com\/de\/wp-json\/wp\/v2\/product"}],"about":[{"href":"https:\/\/www.filtresistemleri.com\/de\/wp-json\/wp\/v2\/types\/product"}],"replies":[{"embeddable":true,"href":"https:\/\/www.filtresistemleri.com\/de\/wp-json\/wp\/v2\/comments?post=2530"}],"wp:featuredmedia":[{"embeddable":true,"href":"https:\/\/www.filtresistemleri.com\/de\/wp-json\/wp\/v2\/media\/1427"}],"wp:attachment":[{"href":"https:\/\/www.filtresistemleri.com\/de\/wp-json\/wp\/v2\/media?parent=2530"}],"wp:term":[{"taxonomy":"product_brand","embeddable":true,"href":"https:\/\/www.filtresistemleri.com\/de\/wp-json\/wp\/v2\/product_brand?post=2530"},{"taxonomy":"product_cat","embeddable":true,"href":"https:\/\/www.filtresistemleri.com\/de\/wp-json\/wp\/v2\/product_cat?post=2530"},{"taxonomy":"product_tag","embeddable":true,"href":"https:\/\/www.filtresistemleri.com\/de\/wp-json\/wp\/v2\/product_tag?post=2530"}],"curies":[{"name":"wp","href":"https:\/\/api.w.org\/{rel}","templated":true}]}}