{"id":2406,"date":"2020-10-15T08:03:49","date_gmt":"2020-10-15T05:03:49","guid":{"rendered":"http:\/\/filtresistemleri.com\/kurumsal\/"},"modified":"2024-07-04T13:31:11","modified_gmt":"2024-07-04T10:31:11","slug":"kurumsal","status":"publish","type":"page","link":"https:\/\/www.filtresistemleri.com\/de\/kurumsal\/","title":{"rendered":"Institutionell"},"content":{"rendered":"\t\t<div data-elementor-type=\"wp-page\" data-elementor-id=\"2406\" class=\"elementor elementor-2406 elementor-15\">\n\t\t\t\t\t\t<section class=\"elementor-section elementor-top-section elementor-element elementor-element-8d04ded elementor-section-content-middle elementor-section-stretched elementor-section-boxed elementor-section-height-default elementor-section-height-default\" data-id=\"8d04ded\" data-element_type=\"section\" data-e-type=\"section\" data-settings=\"{&quot;stretch_section&quot;:&quot;section-stretched&quot;,&quot;background_background&quot;:&quot;classic&quot;}\">\n\t\t\t\t\t\t\t<div class=\"elementor-background-overlay\"><\/div>\n\t\t\t\t\t\t\t<div class=\"elementor-container elementor-column-gap-wider\">\n\t\t\t\t\t<div class=\"elementor-column elementor-col-100 elementor-top-column elementor-element elementor-element-3db529e\" data-id=\"3db529e\" data-element_type=\"column\" data-e-type=\"column\" data-settings=\"{&quot;background_background&quot;:&quot;classic&quot;}\">\n\t\t\t<div class=\"elementor-widget-wrap elementor-element-populated\">\n\t\t\t\t\t\t<section class=\"elementor-section elementor-inner-section elementor-element elementor-element-4136786 elementor-section-boxed elementor-section-height-default elementor-section-height-default\" data-id=\"4136786\" data-element_type=\"section\" data-e-type=\"section\">\n\t\t\t\t\t\t<div class=\"elementor-container elementor-column-gap-default\">\n\t\t\t\t\t<div class=\"elementor-column elementor-col-50 elementor-inner-column elementor-element elementor-element-e5fede5\" data-id=\"e5fede5\" data-element_type=\"column\" data-e-type=\"column\">\n\t\t\t<div class=\"elementor-widget-wrap elementor-element-populated\">\n\t\t\t\t\t\t<div class=\"elementor-element elementor-element-920cf65 elementor-widget elementor-widget-image\" data-id=\"920cf65\" data-element_type=\"widget\" data-e-type=\"widget\" data-widget_type=\"image.default\">\n\t\t\t\t<div class=\"elementor-widget-container\">\n\t\t\t\t\t\t\t\t\t\t\t\t\t\t\t<img fetchpriority=\"high\" decoding=\"async\" width=\"500\" height=\"375\" src=\"https:\/\/www.filtresistemleri.com\/wp-content\/uploads\/2024\/05\/13d284ab-bfe1-1-1-500x375.webp\" class=\"attachment-medium size-medium wp-image-658\" alt=\"jet pulse torbal\u0131 filtre - torbal\u0131 filtre - toz toplama - toz toplama sistemleri - FLTS - toz tutucu - toz emme - Jet filtre - jet plus - jet pulse - d\u00f6k\u00fcmhane filtre - al\u00fcminyum ergitme filtre - toz filtre sistemleri - toz tutucu - toz emme - filtre sistemleri\" srcset=\"https:\/\/www.filtresistemleri.com\/wp-content\/uploads\/2024\/05\/13d284ab-bfe1-1-1-500x375.webp 500w, https:\/\/www.filtresistemleri.com\/wp-content\/uploads\/2024\/05\/13d284ab-bfe1-1-1-1200x900.webp 1200w, https:\/\/www.filtresistemleri.com\/wp-content\/uploads\/2024\/05\/13d284ab-bfe1-1-1-300x225.webp 300w, https:\/\/www.filtresistemleri.com\/wp-content\/uploads\/2024\/05\/13d284ab-bfe1-1-1-768x576.webp 768w, https:\/\/www.filtresistemleri.com\/wp-content\/uploads\/2024\/05\/13d284ab-bfe1-1-1-1536x1152.webp 1536w, https:\/\/www.filtresistemleri.com\/wp-content\/uploads\/2024\/05\/13d284ab-bfe1-1-1-100x75.webp 100w, https:\/\/www.filtresistemleri.com\/wp-content\/uploads\/2024\/05\/13d284ab-bfe1-1-1-960x720.webp 960w, https:\/\/www.filtresistemleri.com\/wp-content\/uploads\/2024\/05\/13d284ab-bfe1-1-1-480x360.webp 480w, https:\/\/www.filtresistemleri.com\/wp-content\/uploads\/2024\/05\/13d284ab-bfe1-1-1-800x600.webp 800w, https:\/\/www.filtresistemleri.com\/wp-content\/uploads\/2024\/05\/13d284ab-bfe1-1-1.webp 1920w\" sizes=\"(max-width:767px) 480px, 500px\" \/>\t\t\t\t\t\t\t\t\t\t\t\t\t\t\t<\/div>\n\t\t\t\t<\/div>\n\t\t\t\t<div class=\"elementor-element elementor-element-77537a3 elementor-widget elementor-widget-image\" data-id=\"77537a3\" data-element_type=\"widget\" data-e-type=\"widget\" data-widget_type=\"image.default\">\n\t\t\t\t<div class=\"elementor-widget-container\">\n\t\t\t\t\t\t\t\t\t\t\t\t\t\t\t<img decoding=\"async\" width=\"500\" height=\"375\" src=\"https:\/\/www.filtresistemleri.com\/wp-content\/uploads\/2024\/05\/78e85ce2-aa70--500x375.webp\" class=\"attachment-medium size-medium wp-image-650\" alt=\"jet pulse torbal\u0131 filtre - torbal\u0131 filtre - toz toplama - toz toplama sistemleri - FLTS - toz tutucu - toz emme - Jet filtre - jet plus - jet pulse - d\u00f6k\u00fcmhane filtre - al\u00fcminyum ergitme filtre - toz filtre sistemleri - toz tutucu - toz emme - filtre sistemleri\" srcset=\"https:\/\/www.filtresistemleri.com\/wp-content\/uploads\/2024\/05\/78e85ce2-aa70--500x375.webp 500w, https:\/\/www.filtresistemleri.com\/wp-content\/uploads\/2024\/05\/78e85ce2-aa70--1200x900.webp 1200w, https:\/\/www.filtresistemleri.com\/wp-content\/uploads\/2024\/05\/78e85ce2-aa70--300x225.webp 300w, https:\/\/www.filtresistemleri.com\/wp-content\/uploads\/2024\/05\/78e85ce2-aa70--768x576.webp 768w, https:\/\/www.filtresistemleri.com\/wp-content\/uploads\/2024\/05\/78e85ce2-aa70--1536x1152.webp 1536w, https:\/\/www.filtresistemleri.com\/wp-content\/uploads\/2024\/05\/78e85ce2-aa70--100x75.webp 100w, https:\/\/www.filtresistemleri.com\/wp-content\/uploads\/2024\/05\/78e85ce2-aa70--960x720.webp 960w, https:\/\/www.filtresistemleri.com\/wp-content\/uploads\/2024\/05\/78e85ce2-aa70--480x360.webp 480w, https:\/\/www.filtresistemleri.com\/wp-content\/uploads\/2024\/05\/78e85ce2-aa70--800x600.webp 800w, https:\/\/www.filtresistemleri.com\/wp-content\/uploads\/2024\/05\/78e85ce2-aa70-.webp 1920w\" sizes=\"(max-width:767px) 480px, 500px\" \/>\t\t\t\t\t\t\t\t\t\t\t\t\t\t\t<\/div>\n\t\t\t\t<\/div>\n\t\t\t\t\t<\/div>\n\t\t<\/div>\n\t\t\t\t<div class=\"elementor-column elementor-col-50 elementor-inner-column elementor-element elementor-element-f698990\" data-id=\"f698990\" data-element_type=\"column\" data-e-type=\"column\">\n\t\t\t<div class=\"elementor-widget-wrap elementor-element-populated\">\n\t\t\t\t\t\t<div class=\"elementor-element elementor-element-f37e0dd elementor-widget elementor-widget-heading\" data-id=\"f37e0dd\" data-element_type=\"widget\" data-e-type=\"widget\" data-widget_type=\"heading.default\">\n\t\t\t\t<div class=\"elementor-widget-container\">\n\t\t\t\t\t<h2 class=\"elementor-heading-title elementor-size-default\">Unser Firmenprofil<\/h2>\t\t\t\t<\/div>\n\t\t\t\t<\/div>\n\t\t\t\t<div class=\"elementor-element elementor-element-669928e elementor-widget-divider--view-line elementor-widget elementor-widget-divider\" data-id=\"669928e\" data-element_type=\"widget\" data-e-type=\"widget\" data-widget_type=\"divider.default\">\n\t\t\t\t<div class=\"elementor-widget-container\">\n\t\t\t\t\t\t\t<div class=\"elementor-divider\">\n\t\t\t<span class=\"elementor-divider-separator\">\n\t\t\t\t\t\t<\/span>\n\t\t<\/div>\n\t\t\t\t\t\t<\/div>\n\t\t\t\t<\/div>\n\t\t\t\t<div class=\"elementor-element elementor-element-78eb53b elementor-widget elementor-widget-text-editor\" data-id=\"78eb53b\" data-element_type=\"widget\" data-e-type=\"widget\" data-widget_type=\"text-editor.default\">\n\t\t\t\t<div class=\"elementor-widget-container\">\n\t\t\t\t\t\t\t\t\t<p>Unser Unternehmen bietet geeignete L\u00f6sungen f\u00fcr die Staubprobleme von Industrieanlagen bei der Entwicklung, Herstellung und Anwendung von Staubsammelsystemen.<\/p>\n<p>Wir bieten Engineering, Material- und Ausr\u00fcstungslieferung, Fertigung, Montage, Inbetriebnahme und \u00dcberwachungsdienstleistungen f\u00fcr industrielle Staubsammelsysteme.<\/p>\n<p>Alle von uns bereitgestellten L\u00f6sungen in Bezug auf Produktr\u00fcckgewinnungs- und Staubsammelsysteme haben im In- und Ausland zu erfolgreichen Ergebnissen gef\u00fchrt und unser Unternehmen bis heute getragen.<\/p>\n<p>Zus\u00e4tzlich zu den Design-, Fertigungs-, Montage- und Inbetriebnahmeprozessen ber\u00fccksichtigen wir auch die Systemautomatisierung und setzen den Prozess vom Design bis zur Lieferung unter der F\u00fchrung und Kontrolle desselben Teams sorgf\u00e4ltig fort.<\/p>\n<p>Die gesamte Projektplanung und -fertigung im Zusammenhang mit Industrieventilatoren und Staubabsaugsystemen wird von uns durchgef\u00fchrt. Wir streben nach Kundenzufriedenheit mit reibungsloser Arbeitsabwicklung, indem wir auf der Grundlage unserer Feldergebnisse projektspezifische L\u00f6sungen entwickeln.<\/p>\n<p>Wir m\u00f6chten uns bei Ihnen f\u00fcr Ihr Interesse und Ihr Vertrauen von gestern bis heute bedanken.<\/p>\n\t\t\t\t\t\t\t\t<\/div>\n\t\t\t\t<\/div>\n\t\t\t\t<div class=\"elementor-element elementor-element-0ca5e09 elementor-view-stacked elementor-position-inline-start elementor-widget__width-initial elementor-shape-circle elementor-mobile-position-block-start elementor-widget elementor-widget-icon-box\" data-id=\"0ca5e09\" data-element_type=\"widget\" data-e-type=\"widget\" data-widget_type=\"icon-box.default\">\n\t\t\t\t<div class=\"elementor-widget-container\">\n\t\t\t\t\t\t\t<div class=\"elementor-icon-box-wrapper\">\n\n\t\t\t\t\t\t<div class=\"elementor-icon-box-icon\">\n\t\t\t\t<span  class=\"elementor-icon\">\n\t\t\t\t<svg aria-hidden=\"true\" class=\"e-font-icon-svg e-fas-phone\" viewBox=\"0 0 512 512\" xmlns=\"http:\/\/www.w3.org\/2000\/svg\"><path d=\"M493.4 24.6l-104-24c-11.3-2.6-22.9 3.3-27.5 13.9l-48 112c-4.2 9.8-1.4 21.3 6.9 28l60.6 49.6c-36 76.7-98.9 140.5-177.2 177.2l-49.6-60.6c-6.8-8.3-18.2-11.1-28-6.9l-112 48C3.9 366.5-2 378.1.6 389.4l24 104C27.1 504.2 36.7 512 48 512c256.1 0 464-207.5 464-464 0-11.2-7.7-20.9-18.6-23.4z\"><\/path><\/svg>\t\t\t\t<\/span>\n\t\t\t<\/div>\n\t\t\t\n\t\t\t\t\t\t<div class=\"elementor-icon-box-content\">\n\n\t\t\t\t\t\t\t\t\t<h3 class=\"elementor-icon-box-title\">\n\t\t\t\t\t\t<span  >\n\t\t\t\t\t\t\tRuf mich jetzt an\t\t\t\t\t\t<\/span>\n\t\t\t\t\t<\/h3>\n\t\t\t\t\n\t\t\t\t\t\t\t\t\t<p class=\"elementor-icon-box-description\">\n\t\t\t\t\t\t+90 (212) 549 70 02\t\t\t\t\t<\/p>\n\t\t\t\t\n\t\t\t<\/div>\n\t\t\t\n\t\t<\/div>\n\t\t\t\t\t\t<\/div>\n\t\t\t\t<\/div>\n\t\t\t\t\t<\/div>\n\t\t<\/div>\n\t\t\t\t\t<\/div>\n\t\t<\/section>\n\t\t\t\t\t<\/div>\n\t\t<\/div>\n\t\t\t\t\t<\/div>\n\t\t<\/section>\n\t\t\t\t<\/div>\n\t\t","protected":false},"excerpt":{"rendered":"<p>Unser Firmenprofil Unser Unternehmen bietet geeignete L\u00f6sungen f\u00fcr die Staubprobleme von Industrieanlagen bei der Entwicklung, Herstellung und Anwendung von Staubsammelsystemen. Wir bieten Engineering, Material- und Ausr\u00fcstungslieferung,<span class=\"excerpt-hellip\"> [\u2026]<\/span><\/p>\n","protected":false},"author":1,"featured_media":0,"parent":0,"menu_order":0,"comment_status":"open","ping_status":"closed","template":"","meta":{"footnotes":""},"class_list":["post-2406","page","type-page","status-publish","hentry"],"_links":{"self":[{"href":"https:\/\/www.filtresistemleri.com\/de\/wp-json\/wp\/v2\/pages\/2406","targetHints":{"allow":["GET"]}}],"collection":[{"href":"https:\/\/www.filtresistemleri.com\/de\/wp-json\/wp\/v2\/pages"}],"about":[{"href":"https:\/\/www.filtresistemleri.com\/de\/wp-json\/wp\/v2\/types\/page"}],"author":[{"embeddable":true,"href":"https:\/\/www.filtresistemleri.com\/de\/wp-json\/wp\/v2\/users\/1"}],"replies":[{"embeddable":true,"href":"https:\/\/www.filtresistemleri.com\/de\/wp-json\/wp\/v2\/comments?post=2406"}],"version-history":[{"count":2,"href":"https:\/\/www.filtresistemleri.com\/de\/wp-json\/wp\/v2\/pages\/2406\/revisions"}],"predecessor-version":[{"id":2413,"href":"https:\/\/www.filtresistemleri.com\/de\/wp-json\/wp\/v2\/pages\/2406\/revisions\/2413"}],"wp:attachment":[{"href":"https:\/\/www.filtresistemleri.com\/de\/wp-json\/wp\/v2\/media?parent=2406"}],"curies":[{"name":"wp","href":"https:\/\/api.w.org\/{rel}","templated":true}]}}