{"id":2404,"date":"2020-10-15T08:03:49","date_gmt":"2020-10-15T05:03:49","guid":{"rendered":"http:\/\/filtresistemleri.com\/kurumsal\/"},"modified":"2025-09-22T15:52:01","modified_gmt":"2025-09-22T12:52:01","slug":"kurumsal","status":"publish","type":"page","link":"https:\/\/www.filtresistemleri.com\/ar\/kurumsal\/","title":{"rendered":"\u0627\u0644\u0645\u0624\u0633\u0633\u064a\u0629"},"content":{"rendered":"\t\t<div data-elementor-type=\"wp-page\" data-elementor-id=\"2404\" class=\"elementor elementor-2404 elementor-15\">\n\t\t\t\t\t\t<section class=\"elementor-section elementor-top-section elementor-element elementor-element-8d04ded elementor-section-content-middle elementor-section-stretched elementor-section-boxed elementor-section-height-default elementor-section-height-default\" data-id=\"8d04ded\" data-element_type=\"section\" data-e-type=\"section\" data-settings=\"{&quot;stretch_section&quot;:&quot;section-stretched&quot;,&quot;background_background&quot;:&quot;classic&quot;}\">\n\t\t\t\t\t\t\t<div class=\"elementor-background-overlay\"><\/div>\n\t\t\t\t\t\t\t<div class=\"elementor-container elementor-column-gap-wider\">\n\t\t\t\t\t<div class=\"elementor-column elementor-col-100 elementor-top-column elementor-element elementor-element-3db529e\" data-id=\"3db529e\" data-element_type=\"column\" data-e-type=\"column\" data-settings=\"{&quot;background_background&quot;:&quot;classic&quot;}\">\n\t\t\t<div class=\"elementor-widget-wrap elementor-element-populated\">\n\t\t\t\t\t\t<section class=\"elementor-section elementor-inner-section elementor-element elementor-element-4136786 elementor-section-boxed elementor-section-height-default elementor-section-height-default\" data-id=\"4136786\" data-element_type=\"section\" data-e-type=\"section\">\n\t\t\t\t\t\t<div class=\"elementor-container elementor-column-gap-default\">\n\t\t\t\t\t<div class=\"elementor-column elementor-col-50 elementor-inner-column elementor-element elementor-element-e5fede5\" data-id=\"e5fede5\" data-element_type=\"column\" data-e-type=\"column\">\n\t\t\t<div class=\"elementor-widget-wrap elementor-element-populated\">\n\t\t\t\t\t\t<div class=\"elementor-element elementor-element-920cf65 elementor-widget elementor-widget-image\" data-id=\"920cf65\" data-element_type=\"widget\" data-e-type=\"widget\" data-widget_type=\"image.default\">\n\t\t\t\t<div class=\"elementor-widget-container\">\n\t\t\t\t\t\t\t\t\t\t\t\t\t\t\t<img fetchpriority=\"high\" decoding=\"async\" width=\"500\" height=\"375\" src=\"https:\/\/www.filtresistemleri.com\/wp-content\/uploads\/2024\/05\/13d284ab-bfe1-1-1-500x375.webp\" class=\"attachment-medium size-medium wp-image-658\" alt=\"jet pulse torbal\u0131 filtre - torbal\u0131 filtre - toz toplama - toz toplama sistemleri - FLTS - toz tutucu - toz emme - Jet filtre - jet plus - jet pulse - d\u00f6k\u00fcmhane filtre - al\u00fcminyum ergitme filtre - toz filtre sistemleri - toz tutucu - toz emme - filtre sistemleri\" srcset=\"https:\/\/www.filtresistemleri.com\/wp-content\/uploads\/2024\/05\/13d284ab-bfe1-1-1-500x375.webp 500w, https:\/\/www.filtresistemleri.com\/wp-content\/uploads\/2024\/05\/13d284ab-bfe1-1-1-1200x900.webp 1200w, https:\/\/www.filtresistemleri.com\/wp-content\/uploads\/2024\/05\/13d284ab-bfe1-1-1-300x225.webp 300w, https:\/\/www.filtresistemleri.com\/wp-content\/uploads\/2024\/05\/13d284ab-bfe1-1-1-768x576.webp 768w, https:\/\/www.filtresistemleri.com\/wp-content\/uploads\/2024\/05\/13d284ab-bfe1-1-1-1536x1152.webp 1536w, https:\/\/www.filtresistemleri.com\/wp-content\/uploads\/2024\/05\/13d284ab-bfe1-1-1-100x75.webp 100w, https:\/\/www.filtresistemleri.com\/wp-content\/uploads\/2024\/05\/13d284ab-bfe1-1-1-960x720.webp 960w, https:\/\/www.filtresistemleri.com\/wp-content\/uploads\/2024\/05\/13d284ab-bfe1-1-1-480x360.webp 480w, https:\/\/www.filtresistemleri.com\/wp-content\/uploads\/2024\/05\/13d284ab-bfe1-1-1-800x600.webp 800w, https:\/\/www.filtresistemleri.com\/wp-content\/uploads\/2024\/05\/13d284ab-bfe1-1-1.webp 1920w\" sizes=\"(max-width:767px) 480px, 500px\" \/>\t\t\t\t\t\t\t\t\t\t\t\t\t\t\t<\/div>\n\t\t\t\t<\/div>\n\t\t\t\t<div class=\"elementor-element elementor-element-77537a3 elementor-widget elementor-widget-image\" data-id=\"77537a3\" data-element_type=\"widget\" data-e-type=\"widget\" data-widget_type=\"image.default\">\n\t\t\t\t<div class=\"elementor-widget-container\">\n\t\t\t\t\t\t\t\t\t\t\t\t\t\t\t<img decoding=\"async\" width=\"500\" height=\"375\" src=\"https:\/\/www.filtresistemleri.com\/wp-content\/uploads\/2024\/05\/78e85ce2-aa70--500x375.webp\" class=\"attachment-medium size-medium wp-image-650\" alt=\"jet pulse torbal\u0131 filtre - torbal\u0131 filtre - toz toplama - toz toplama sistemleri - FLTS - toz tutucu - toz emme - Jet filtre - jet plus - jet pulse - d\u00f6k\u00fcmhane filtre - al\u00fcminyum ergitme filtre - toz filtre sistemleri - toz tutucu - toz emme - filtre sistemleri\" srcset=\"https:\/\/www.filtresistemleri.com\/wp-content\/uploads\/2024\/05\/78e85ce2-aa70--500x375.webp 500w, https:\/\/www.filtresistemleri.com\/wp-content\/uploads\/2024\/05\/78e85ce2-aa70--1200x900.webp 1200w, https:\/\/www.filtresistemleri.com\/wp-content\/uploads\/2024\/05\/78e85ce2-aa70--300x225.webp 300w, https:\/\/www.filtresistemleri.com\/wp-content\/uploads\/2024\/05\/78e85ce2-aa70--768x576.webp 768w, https:\/\/www.filtresistemleri.com\/wp-content\/uploads\/2024\/05\/78e85ce2-aa70--1536x1152.webp 1536w, https:\/\/www.filtresistemleri.com\/wp-content\/uploads\/2024\/05\/78e85ce2-aa70--100x75.webp 100w, https:\/\/www.filtresistemleri.com\/wp-content\/uploads\/2024\/05\/78e85ce2-aa70--960x720.webp 960w, https:\/\/www.filtresistemleri.com\/wp-content\/uploads\/2024\/05\/78e85ce2-aa70--480x360.webp 480w, https:\/\/www.filtresistemleri.com\/wp-content\/uploads\/2024\/05\/78e85ce2-aa70--800x600.webp 800w, https:\/\/www.filtresistemleri.com\/wp-content\/uploads\/2024\/05\/78e85ce2-aa70-.webp 1920w\" sizes=\"(max-width:767px) 480px, 500px\" \/>\t\t\t\t\t\t\t\t\t\t\t\t\t\t\t<\/div>\n\t\t\t\t<\/div>\n\t\t\t\t\t<\/div>\n\t\t<\/div>\n\t\t\t\t<div class=\"elementor-column elementor-col-50 elementor-inner-column elementor-element elementor-element-f698990\" data-id=\"f698990\" data-element_type=\"column\" data-e-type=\"column\">\n\t\t\t<div class=\"elementor-widget-wrap elementor-element-populated\">\n\t\t\t\t\t\t<div class=\"elementor-element elementor-element-f37e0dd elementor-widget elementor-widget-heading\" data-id=\"f37e0dd\" data-element_type=\"widget\" data-e-type=\"widget\" data-widget_type=\"heading.default\">\n\t\t\t\t<div class=\"elementor-widget-container\">\n\t\t\t\t\t<h2 class=\"elementor-heading-title elementor-size-default\">\u0645\u0644\u0641 \u0634\u0631\u0643\u062a\u0646\u0627<\/h2>\t\t\t\t<\/div>\n\t\t\t\t<\/div>\n\t\t\t\t<div class=\"elementor-element elementor-element-669928e elementor-widget-divider--view-line elementor-widget elementor-widget-divider\" data-id=\"669928e\" data-element_type=\"widget\" data-e-type=\"widget\" data-widget_type=\"divider.default\">\n\t\t\t\t<div class=\"elementor-widget-container\">\n\t\t\t\t\t\t\t<div class=\"elementor-divider\">\n\t\t\t<span class=\"elementor-divider-separator\">\n\t\t\t\t\t\t<\/span>\n\t\t<\/div>\n\t\t\t\t\t\t<\/div>\n\t\t\t\t<\/div>\n\t\t\t\t<div class=\"elementor-element elementor-element-78eb53b elementor-widget elementor-widget-text-editor\" data-id=\"78eb53b\" data-element_type=\"widget\" data-e-type=\"widget\" data-widget_type=\"text-editor.default\">\n\t\t\t\t<div class=\"elementor-widget-container\">\n\t\t\t\t\t\t\t\t\t<p>\u062a\u0642\u0648\u0645 \u0634\u0631\u0643\u062a\u0646\u0627 \u0628\u0625\u0646\u062a\u0627\u062c \u0627\u0644\u062d\u0644\u0648\u0644 \u0627\u0644\u0645\u0646\u0627\u0633\u0628\u0629 \u0644\u0645\u0634\u0627\u0643\u0644 \u0627\u0644\u063a\u0628\u0627\u0631 \u0627\u0644\u062a\u064a \u062a\u0648\u0627\u062c\u0647\u0647\u0627 \u0627\u0644\u0645\u0646\u0634\u0622\u062a \u0627\u0644\u0635\u0646\u0627\u0639\u064a\u0629 \u0641\u064a \u062a\u0635\u0645\u064a\u0645 \u0648\u0625\u0646\u062a\u0627\u062c \u0648\u062a\u0637\u0628\u064a\u0642\u0627\u062a \u0623\u0646\u0638\u0645\u0629 \u062c\u0645\u0639 \u0627\u0644\u063a\u0628\u0627\u0631.<\/p>\n<p>\u0646\u062d\u0646 \u0646\u0642\u062f\u0645 \u062e\u062f\u0645\u0627\u062a \u0627\u0644\u0647\u0646\u062f\u0633\u0629 \u0648\u062a\u0648\u0631\u064a\u062f \u0627\u0644\u0645\u0648\u0627\u062f \u0648\u0627\u0644\u0645\u0639\u062f\u0627\u062a \u0648\u0627\u0644\u062a\u0635\u0646\u064a\u0639 \u0648\u0627\u0644\u062a\u062c\u0645\u064a\u0639 \u0648\u0627\u0644\u062a\u0634\u063a\u064a\u0644 \u0648\u0627\u0644\u0625\u0634\u0631\u0627\u0641 \u0644\u0623\u0646\u0638\u0645\u0629 \u062c\u0645\u0639 \u0627\u0644\u063a\u0628\u0627\u0631 \u0627\u0644\u0635\u0646\u0627\u0639\u064a\u0629.<\/p>\n<p>\u062c\u0645\u064a\u0639 \u0627\u0644\u062d\u0644\u0648\u0644 \u0627\u0644\u062a\u064a \u0642\u062f\u0645\u0646\u0627\u0647\u0627 \u0641\u064a\u0645\u0627 \u064a\u062a\u0639\u0644\u0642 \u0628\u0623\u0646\u0638\u0645\u0629 \u0627\u0633\u062a\u0639\u0627\u062f\u0629 \u0627\u0644\u0645\u0646\u062a\u062c \u0648\u062c\u0645\u0639 \u0627\u0644\u063a\u0628\u0627\u0631 \u0642\u062f \u062d\u0642\u0642\u062a \u0646\u062a\u0627\u0626\u062c \u0646\u0627\u062c\u062d\u0629 \u0633\u0648\u0627\u0621 \u0641\u064a \u0627\u0644\u062f\u0627\u062e\u0644 \u0623\u0648 \u0641\u064a \u0627\u0644\u062e\u0627\u0631\u062c \u0648\u062d\u0645\u0644\u062a \u0634\u0631\u0643\u062a\u0646\u0627 \u0625\u0644\u0649 \u064a\u0648\u0645\u0646\u0627 \u0647\u0630\u0627.<\/p>\n<p>\u0628\u0627\u0644\u0625\u0636\u0627\u0641\u0629 \u0625\u0644\u0649 \u0639\u0645\u0644\u064a\u0627\u062a \u0627\u0644\u062a\u0635\u0645\u064a\u0645 \u0648\u0627\u0644\u062a\u0635\u0646\u064a\u0639 \u0648\u0627\u0644\u062a\u062c\u0645\u064a\u0639 \u0648\u0627\u0644\u062a\u0634\u063a\u064a\u0644\u060c \u0641\u0625\u0646\u0646\u0627 \u0646\u0642\u0648\u0645 \u0623\u064a\u0636\u064b\u0627 \u0628\u062a\u0636\u0645\u064a\u0646 \u0623\u062a\u0645\u062a\u0629 \u0627\u0644\u0646\u0638\u0627\u0645 \u0648\u0645\u0648\u0627\u0635\u0644\u0629 \u0627\u0644\u0639\u0645\u0644\u064a\u0629 \u0628\u062f\u0642\u0629 \u0628\u062f\u0621\u064b\u0627 \u0645\u0646 \u0627\u0644\u062a\u0635\u0645\u064a\u0645 \u0648\u062d\u062a\u0649 \u0627\u0644\u062a\u0633\u0644\u064a\u0645 \u062a\u062d\u062a \u0642\u064a\u0627\u062f\u0629 \u0648\u0645\u0631\u0627\u0642\u0628\u0629 \u0646\u0641\u0633 \u0627\u0644\u0641\u0631\u064a\u0642.<\/p>\n<p>\u064a\u062a\u0645 \u062a\u0646\u0641\u064a\u0630 \u062c\u0645\u064a\u0639 \u062a\u062e\u0637\u064a\u0637 \u0627\u0644\u0645\u0634\u0627\u0631\u064a\u0639 \u0648\u0627\u0644\u062a\u0635\u0646\u064a\u0639 \u0627\u0644\u0645\u062a\u0639\u0644\u0642 \u0628\u0627\u0644\u0645\u0631\u0627\u0648\u062d \u0627\u0644\u0635\u0646\u0627\u0639\u064a\u0629 \u0648\u0623\u0646\u0638\u0645\u0629 \u062c\u0645\u0639 \u0627\u0644\u063a\u0628\u0627\u0631 \u0645\u0646 \u0642\u0628\u0644\u0646\u0627\u060c \u0648\u0646\u062d\u0646 \u0646\u0647\u062f\u0641 \u0625\u0644\u0649 \u062a\u062d\u0642\u064a\u0642 \u0631\u0636\u0627 \u0627\u0644\u0639\u0645\u0644\u0627\u0621 \u0645\u0646 \u062e\u0644\u0627\u0644 \u062a\u0633\u0644\u064a\u0645 \u0639\u0645\u0644 \u062e\u0627\u0644\u064d \u0645\u0646 \u0627\u0644\u0645\u0634\u0627\u0643\u0644 \u0645\u0646 \u062e\u0644\u0627\u0644 \u0625\u0646\u062a\u0627\u062c \u062d\u0644\u0648\u0644 \u062e\u0627\u0635\u0629 \u0628\u0627\u0644\u0645\u0634\u0631\u0648\u0639 \u0646\u062a\u064a\u062c\u0629 \u0644\u0646\u062a\u0627\u0626\u062c\u0646\u0627 \u0627\u0644\u0645\u064a\u062f\u0627\u0646\u064a\u0629.<\/p>\n<p>\u0646\u0648\u062f \u0623\u0646 \u0646\u0634\u0643\u0631\u0643\u0645 \u0639\u0644\u0649 \u0627\u0647\u062a\u0645\u0627\u0645\u0643\u0645 \u0648\u062b\u0642\u062a\u0643\u0645 \u0628\u0646\u0627 \u0645\u0646\u0630 \u0627\u0644\u0623\u0645\u0633 \u0648\u062d\u062a\u0649 \u0627\u0644\u064a\u0648\u0645.<\/p>\n\t\t\t\t\t\t\t\t<\/div>\n\t\t\t\t<\/div>\n\t\t\t\t<div class=\"elementor-element elementor-element-0ca5e09 elementor-view-stacked elementor-position-inline-end elementor-widget__width-initial elementor-shape-circle elementor-mobile-position-block-start elementor-widget elementor-widget-icon-box\" data-id=\"0ca5e09\" data-element_type=\"widget\" data-e-type=\"widget\" data-widget_type=\"icon-box.default\">\n\t\t\t\t<div class=\"elementor-widget-container\">\n\t\t\t\t\t\t\t<div class=\"elementor-icon-box-wrapper\">\n\n\t\t\t\t\t\t<div class=\"elementor-icon-box-icon\">\n\t\t\t\t<span  class=\"elementor-icon\">\n\t\t\t\t<svg aria-hidden=\"true\" class=\"e-font-icon-svg e-fas-phone\" viewBox=\"0 0 512 512\" xmlns=\"http:\/\/www.w3.org\/2000\/svg\"><path d=\"M493.4 24.6l-104-24c-11.3-2.6-22.9 3.3-27.5 13.9l-48 112c-4.2 9.8-1.4 21.3 6.9 28l60.6 49.6c-36 76.7-98.9 140.5-177.2 177.2l-49.6-60.6c-6.8-8.3-18.2-11.1-28-6.9l-112 48C3.9 366.5-2 378.1.6 389.4l24 104C27.1 504.2 36.7 512 48 512c256.1 0 464-207.5 464-464 0-11.2-7.7-20.9-18.6-23.4z\"><\/path><\/svg>\t\t\t\t<\/span>\n\t\t\t<\/div>\n\t\t\t\n\t\t\t\t\t\t<div class=\"elementor-icon-box-content\">\n\n\t\t\t\t\t\t\t\t\t<h3 class=\"elementor-icon-box-title\">\n\t\t\t\t\t\t<span  >\n\t\t\t\t\t\t\t\u0627\u062a\u0635\u0644 \u0627\u0644\u0627\u0646\t\t\t\t\t\t<\/span>\n\t\t\t\t\t<\/h3>\n\t\t\t\t\n\t\t\t\t\t\t\t\t\t<p class=\"elementor-icon-box-description\">\n\t\t\t\t\t\t+90 (212) 549 70 02\t\t\t\t\t<\/p>\n\t\t\t\t\n\t\t\t<\/div>\n\t\t\t\n\t\t<\/div>\n\t\t\t\t\t\t<\/div>\n\t\t\t\t<\/div>\n\t\t\t\t\t<\/div>\n\t\t<\/div>\n\t\t\t\t\t<\/div>\n\t\t<\/section>\n\t\t\t\t\t<\/div>\n\t\t<\/div>\n\t\t\t\t\t<\/div>\n\t\t<\/section>\n\t\t\t\t<\/div>\n\t\t","protected":false},"excerpt":{"rendered":"<p>\u0645\u0644\u0641 \u0634\u0631\u0643\u062a\u0646\u0627 \u062a\u0642\u0648\u0645 \u0634\u0631\u0643\u062a\u0646\u0627 \u0628\u0625\u0646\u062a\u0627\u062c \u0627\u0644\u062d\u0644\u0648\u0644 \u0627\u0644\u0645\u0646\u0627\u0633\u0628\u0629 \u0644\u0645\u0634\u0627\u0643\u0644 \u0627\u0644\u063a\u0628\u0627\u0631 \u0627\u0644\u062a\u064a \u062a\u0648\u0627\u062c\u0647\u0647\u0627 \u0627\u0644\u0645\u0646\u0634\u0622\u062a \u0627\u0644\u0635\u0646\u0627\u0639\u064a\u0629 \u0641\u064a \u062a\u0635\u0645\u064a\u0645 \u0648\u0625\u0646\u062a\u0627\u062c \u0648\u062a\u0637\u0628\u064a\u0642\u0627\u062a \u0623\u0646\u0638\u0645\u0629 \u062c\u0645\u0639 \u0627\u0644\u063a\u0628\u0627\u0631. \u0646\u062d\u0646 \u0646\u0642\u062f\u0645 \u062e\u062f\u0645\u0627\u062a \u0627\u0644\u0647\u0646\u062f\u0633\u0629 \u0648\u062a\u0648\u0631\u064a\u062f \u0627\u0644\u0645\u0648\u0627\u062f<span class=\"excerpt-hellip\"> [\u2026]<\/span><\/p>\n","protected":false},"author":1,"featured_media":0,"parent":0,"menu_order":0,"comment_status":"open","ping_status":"closed","template":"","meta":{"footnotes":""},"class_list":["post-2404","page","type-page","status-publish","hentry"],"_links":{"self":[{"href":"https:\/\/www.filtresistemleri.com\/ar\/wp-json\/wp\/v2\/pages\/2404","targetHints":{"allow":["GET"]}}],"collection":[{"href":"https:\/\/www.filtresistemleri.com\/ar\/wp-json\/wp\/v2\/pages"}],"about":[{"href":"https:\/\/www.filtresistemleri.com\/ar\/wp-json\/wp\/v2\/types\/page"}],"author":[{"embeddable":true,"href":"https:\/\/www.filtresistemleri.com\/ar\/wp-json\/wp\/v2\/users\/1"}],"replies":[{"embeddable":true,"href":"https:\/\/www.filtresistemleri.com\/ar\/wp-json\/wp\/v2\/comments?post=2404"}],"version-history":[{"count":3,"href":"https:\/\/www.filtresistemleri.com\/ar\/wp-json\/wp\/v2\/pages\/2404\/revisions"}],"predecessor-version":[{"id":3542,"href":"https:\/\/www.filtresistemleri.com\/ar\/wp-json\/wp\/v2\/pages\/2404\/revisions\/3542"}],"wp:attachment":[{"href":"https:\/\/www.filtresistemleri.com\/ar\/wp-json\/wp\/v2\/media?parent=2404"}],"curies":[{"name":"wp","href":"https:\/\/api.w.org\/{rel}","templated":true}]}}